{"id":66,"date":"2014-03-11T16:32:50","date_gmt":"2014-03-11T15:32:50","guid":{"rendered":"http:\/\/www.sport-tiedje.de\/blog\/?page_id=66"},"modified":"2024-09-05T15:39:28","modified_gmt":"2024-09-05T13:39:28","slug":"impressum","status":"publish","type":"page","link":"https:\/\/www.fitshop.de\/blog\/impressum","title":{"rendered":"Impressum"},"content":{"rendered":"<h3><strong>Fitshop GmbH<\/strong><br \/>\nEuropas Nr. 1 f\u00fcr Heimfitness<\/h3>\n<p>International Headquarters<br \/>\nFlensburger Stra\u00dfe 55<br \/>\n24837 Schleswig<br \/>\nDeutschland<\/p>\n<p>Gesch\u00e4ftsf\u00fchrer:<br \/>\nChristian Grau<br \/>\nSebastian Campmann<br \/>\nDr. Bernhard Schenkel<\/p>\n<p>Handelsregister HRB 1000 SL<br \/>\nAmtsgericht Flensburg<br \/>\nUmsatzsteuer-IdNr.: DE813211547<\/p>\n<p>Tel: +49 (0) 4621 4210 0<br \/>\nEmail: <a href=\"mailto:info@fitshop.de\">info@fitshop.de<\/a><br \/>\nMo. &#8211; Fr.: 08.00 Uhr &#8211; 19.00 Uhr<br \/>\nSa.: 09.00 Uhr &#8211; 18.00 Uhr<\/p>\n<p style=\"text-align: justify;\"><strong>Haftungsbeschr\u00e4nkung<\/strong><br \/>\nDie Inhalte dieses Blogs werden mit gr\u00f6\u00dftm\u00f6glicher Sorgfalt erstellt. Wir \u00fcbernehmen jedoch keine Gew\u00e4hr f\u00fcr die Richtigkeit, Vollst\u00e4ndigkeit und Aktualit\u00e4t der bereitgestellten Inhalte. Die Nutzung der Inhalte der Website erfolgt auf eigene Gefahr des Nutzers. Namentlich gekennzeichnete Beitr\u00e4ge geben die Meinung des jeweiligen Autors und nicht immer die Meinung des Anbieters wieder. Mit der reinen Nutzung der Website des Anbieters kommt keinerlei Vertragsverh\u00e4ltnis zwischen dem Nutzer und dem Anbieter zustande.<\/p>\n<p><strong> Externe Links<\/strong><br \/>\nDieser Blog enth\u00e4lt Verkn\u00fcpfungen zu Websites Dritter (&#8222;externe Links&#8220;). Diese Websites unterliegen der Haftung der jeweiligen Betreiber. Wir haben bei der erstmaligen Verkn\u00fcpfung der externen Links die fremden Inhalte daraufhin \u00fcberpr\u00fcft, ob m\u00f6gliche Rechtsverst\u00f6\u00dfe bestehen. Zu dem Zeitpunkt waren uns keine Rechtsverst\u00f6\u00dfe ersichtlich. Wir erkl\u00e4ren, dass im Zeitpunkt der Linksetzung keine rechtswidrigen Informationen auf den verlinkten Seiten bestanden. Jedoch sind \u00c4nderungen der Inhalte der verlinkten Seiten jederzeit m\u00f6glich, die au\u00dferhalb unseres Verantwortungs- und Einflussbereichs liegen. Daher machen wir uns die Inhalte der verlinkten Seiten ausdr\u00fccklich nicht zu eigen. Das Setzen von externen Links bedeutet nicht, dass wir uns die hinter dem Verweis oder Link liegenden Inhalte zu Eigen macht. Bei Kenntnis von Rechtsverst\u00f6\u00dfen werden jedoch derartige externe Links unverz\u00fcglich gel\u00f6scht.<\/p>\n","protected":false},"excerpt":{"rendered":"<p>Fitshop GmbH Europas Nr. 1 f\u00fcr Heimfitness International Headquarters Flensburger Stra\u00dfe 55 24837 Schleswig Deutschland Gesch\u00e4ftsf\u00fchrer: Christian Grau Sebastian Campmann Dr. Bernhard Schenkel Handelsregister HRB 1000 SL Amtsgericht Flensburg Umsatzsteuer-IdNr.: DE813211547 Tel: +49 (0) 4621 4210 0 Email: info@fitshop.de Mo. &#8211; Fr.: 08.00 Uhr &#8211; 19.00 Uhr Sa.: 09.00 Uhr &#8211; 18.00 Uhr Haftungsbeschr\u00e4nkung Die [&hellip;]<\/p>\n","protected":false},"author":1,"featured_media":0,"parent":0,"menu_order":0,"comment_status":"open","ping_status":"open","template":"","meta":{"footnotes":""},"coauthors":[114],"class_list":["post-66","page","type-page","status-publish","hentry"],"yoast_head":"<!-- This site is optimized with the Yoast SEO plugin v27.3 - https:\/\/yoast.com\/product\/yoast-seo-wordpress\/ -->\n<title>Impressum - Fitshop - Das Fitness Blog<\/title>\n<meta name=\"robots\" content=\"index, follow, max-snippet:-1, max-image-preview:large, max-video-preview:-1\" \/>\n<link rel=\"canonical\" href=\"https:\/\/www.fitshop.de\/blog\/impressum\" \/>\n<meta property=\"og:locale\" content=\"de_DE\" \/>\n<meta property=\"og:type\" content=\"article\" \/>\n<meta property=\"og:title\" content=\"Impressum - Fitshop - Das Fitness Blog\" \/>\n<meta property=\"og:description\" content=\"Fitshop GmbH Europas Nr. 1 f\u00fcr Heimfitness International Headquarters Flensburger Stra\u00dfe 55 24837 Schleswig Deutschland Gesch\u00e4ftsf\u00fchrer: Christian Grau Sebastian Campmann Dr. Bernhard Schenkel Handelsregister HRB 1000 SL Amtsgericht Flensburg Umsatzsteuer-IdNr.: DE813211547 Tel: +49 (0) 4621 4210 0 Email: info@fitshop.de Mo. &#8211; Fr.: 08.00 Uhr &#8211; 19.00 Uhr Sa.: 09.00 Uhr &#8211; 18.00 Uhr Haftungsbeschr\u00e4nkung Die [&hellip;]\" \/>\n<meta property=\"og:url\" content=\"https:\/\/www.fitshop.de\/blog\/impressum\" \/>\n<meta property=\"og:site_name\" content=\"Fitshop - Das Fitness Blog\" \/>\n<meta property=\"article:modified_time\" content=\"2024-09-05T13:39:28+00:00\" \/>\n<meta name=\"twitter:card\" content=\"summary_large_image\" \/>\n<meta name=\"twitter:label1\" content=\"Gesch\u00e4tzte Lesezeit\" \/>\n\t<meta name=\"twitter:data1\" content=\"2\u00a0Minuten\" \/>\n\t<meta name=\"twitter:label2\" content=\"Written by\" \/>\n\t<meta name=\"twitter:data2\" content=\"Tim Wulkau\" \/>\n<script type=\"application\/ld+json\" class=\"yoast-schema-graph\">{\"@context\":\"https:\\\/\\\/schema.org\",\"@graph\":[{\"@type\":\"WebPage\",\"@id\":\"https:\\\/\\\/www.fitshop.de\\\/blog\\\/impressum\",\"url\":\"https:\\\/\\\/www.fitshop.de\\\/blog\\\/impressum\",\"name\":\"Impressum - Fitshop - Das Fitness Blog\",\"isPartOf\":{\"@id\":\"https:\\\/\\\/www.fitshop.de\\\/blog\\\/#website\"},\"datePublished\":\"2014-03-11T15:32:50+00:00\",\"dateModified\":\"2024-09-05T13:39:28+00:00\",\"breadcrumb\":{\"@id\":\"https:\\\/\\\/www.fitshop.de\\\/blog\\\/impressum#breadcrumb\"},\"inLanguage\":\"de\",\"potentialAction\":[{\"@type\":\"ReadAction\",\"target\":[\"https:\\\/\\\/www.fitshop.de\\\/blog\\\/impressum\"]}]},{\"@type\":\"BreadcrumbList\",\"@id\":\"https:\\\/\\\/www.fitshop.de\\\/blog\\\/impressum#breadcrumb\",\"itemListElement\":[{\"@type\":\"ListItem\",\"position\":1,\"name\":\"Home\",\"item\":\"https:\\\/\\\/www.fitshop.de\\\/blog\"},{\"@type\":\"ListItem\",\"position\":2,\"name\":\"Impressum\"}]},{\"@type\":\"WebSite\",\"@id\":\"https:\\\/\\\/www.fitshop.de\\\/blog\\\/#website\",\"url\":\"https:\\\/\\\/www.fitshop.de\\\/blog\\\/\",\"name\":\"Fitshop - Das Fitness Blog\",\"description\":\"\",\"publisher\":{\"@id\":\"https:\\\/\\\/www.fitshop.de\\\/blog\\\/#organization\"},\"potentialAction\":[{\"@type\":\"SearchAction\",\"target\":{\"@type\":\"EntryPoint\",\"urlTemplate\":\"https:\\\/\\\/www.fitshop.de\\\/blog\\\/?s={search_term_string}\"},\"query-input\":{\"@type\":\"PropertyValueSpecification\",\"valueRequired\":true,\"valueName\":\"search_term_string\"}}],\"inLanguage\":\"de\"},{\"@type\":\"Organization\",\"@id\":\"https:\\\/\\\/www.fitshop.de\\\/blog\\\/#organization\",\"name\":\"Fitshop\",\"url\":\"https:\\\/\\\/www.fitshop.de\\\/blog\\\/\",\"logo\":{\"@type\":\"ImageObject\",\"inLanguage\":\"de\",\"@id\":\"https:\\\/\\\/www.fitshop.de\\\/blog\\\/#\\\/schema\\\/logo\\\/image\\\/\",\"url\":\"https:\\\/\\\/www.fitshop.de\\\/blog\\\/wp-content\\\/uploads\\\/2024\\\/05\\\/logo-fitshop-blog.png\",\"contentUrl\":\"https:\\\/\\\/www.fitshop.de\\\/blog\\\/wp-content\\\/uploads\\\/2024\\\/05\\\/logo-fitshop-blog.png\",\"width\":696,\"height\":696,\"caption\":\"Fitshop\"},\"image\":{\"@id\":\"https:\\\/\\\/www.fitshop.de\\\/blog\\\/#\\\/schema\\\/logo\\\/image\\\/\"}}]}<\/script>\n<!-- \/ Yoast SEO plugin. -->","yoast_head_json":{"title":"Impressum - Fitshop - Das Fitness Blog","robots":{"index":"index","follow":"follow","max-snippet":"max-snippet:-1","max-image-preview":"max-image-preview:large","max-video-preview":"max-video-preview:-1"},"canonical":"https:\/\/www.fitshop.de\/blog\/impressum","og_locale":"de_DE","og_type":"article","og_title":"Impressum - Fitshop - Das Fitness Blog","og_description":"Fitshop GmbH Europas Nr. 1 f\u00fcr Heimfitness International Headquarters Flensburger Stra\u00dfe 55 24837 Schleswig Deutschland Gesch\u00e4ftsf\u00fchrer: Christian Grau Sebastian Campmann Dr. Bernhard Schenkel Handelsregister HRB 1000 SL Amtsgericht Flensburg Umsatzsteuer-IdNr.: DE813211547 Tel: +49 (0) 4621 4210 0 Email: info@fitshop.de Mo. &#8211; Fr.: 08.00 Uhr &#8211; 19.00 Uhr Sa.: 09.00 Uhr &#8211; 18.00 Uhr Haftungsbeschr\u00e4nkung Die [&hellip;]","og_url":"https:\/\/www.fitshop.de\/blog\/impressum","og_site_name":"Fitshop - Das Fitness Blog","article_modified_time":"2024-09-05T13:39:28+00:00","twitter_card":"summary_large_image","twitter_misc":{"Gesch\u00e4tzte Lesezeit":"2\u00a0Minuten","Written by":"Tim Wulkau"},"schema":{"@context":"https:\/\/schema.org","@graph":[{"@type":"WebPage","@id":"https:\/\/www.fitshop.de\/blog\/impressum","url":"https:\/\/www.fitshop.de\/blog\/impressum","name":"Impressum - Fitshop - Das Fitness Blog","isPartOf":{"@id":"https:\/\/www.fitshop.de\/blog\/#website"},"datePublished":"2014-03-11T15:32:50+00:00","dateModified":"2024-09-05T13:39:28+00:00","breadcrumb":{"@id":"https:\/\/www.fitshop.de\/blog\/impressum#breadcrumb"},"inLanguage":"de","potentialAction":[{"@type":"ReadAction","target":["https:\/\/www.fitshop.de\/blog\/impressum"]}]},{"@type":"BreadcrumbList","@id":"https:\/\/www.fitshop.de\/blog\/impressum#breadcrumb","itemListElement":[{"@type":"ListItem","position":1,"name":"Home","item":"https:\/\/www.fitshop.de\/blog"},{"@type":"ListItem","position":2,"name":"Impressum"}]},{"@type":"WebSite","@id":"https:\/\/www.fitshop.de\/blog\/#website","url":"https:\/\/www.fitshop.de\/blog\/","name":"Fitshop - Das Fitness Blog","description":"","publisher":{"@id":"https:\/\/www.fitshop.de\/blog\/#organization"},"potentialAction":[{"@type":"SearchAction","target":{"@type":"EntryPoint","urlTemplate":"https:\/\/www.fitshop.de\/blog\/?s={search_term_string}"},"query-input":{"@type":"PropertyValueSpecification","valueRequired":true,"valueName":"search_term_string"}}],"inLanguage":"de"},{"@type":"Organization","@id":"https:\/\/www.fitshop.de\/blog\/#organization","name":"Fitshop","url":"https:\/\/www.fitshop.de\/blog\/","logo":{"@type":"ImageObject","inLanguage":"de","@id":"https:\/\/www.fitshop.de\/blog\/#\/schema\/logo\/image\/","url":"https:\/\/www.fitshop.de\/blog\/wp-content\/uploads\/2024\/05\/logo-fitshop-blog.png","contentUrl":"https:\/\/www.fitshop.de\/blog\/wp-content\/uploads\/2024\/05\/logo-fitshop-blog.png","width":696,"height":696,"caption":"Fitshop"},"image":{"@id":"https:\/\/www.fitshop.de\/blog\/#\/schema\/logo\/image\/"}}]}},"_links":{"self":[{"href":"https:\/\/www.fitshop.de\/blog\/wp-json\/wp\/v2\/pages\/66","targetHints":{"allow":["GET"]}}],"collection":[{"href":"https:\/\/www.fitshop.de\/blog\/wp-json\/wp\/v2\/pages"}],"about":[{"href":"https:\/\/www.fitshop.de\/blog\/wp-json\/wp\/v2\/types\/page"}],"author":[{"embeddable":true,"href":"https:\/\/www.fitshop.de\/blog\/wp-json\/wp\/v2\/users\/1"}],"replies":[{"embeddable":true,"href":"https:\/\/www.fitshop.de\/blog\/wp-json\/wp\/v2\/comments?post=66"}],"version-history":[{"count":12,"href":"https:\/\/www.fitshop.de\/blog\/wp-json\/wp\/v2\/pages\/66\/revisions"}],"predecessor-version":[{"id":21967,"href":"https:\/\/www.fitshop.de\/blog\/wp-json\/wp\/v2\/pages\/66\/revisions\/21967"}],"wp:attachment":[{"href":"https:\/\/www.fitshop.de\/blog\/wp-json\/wp\/v2\/media?parent=66"}],"wp:term":[{"taxonomy":"author","embeddable":true,"href":"https:\/\/www.fitshop.de\/blog\/wp-json\/wp\/v2\/coauthors?post=66"}],"curies":[{"name":"wp","href":"https:\/\/api.w.org\/{rel}","templated":true}]}}