{"id":54,"date":"2014-03-10T16:16:29","date_gmt":"2014-03-10T15:16:29","guid":{"rendered":"http:\/\/www.sport-tiedje.de\/blog\/?page_id=54"},"modified":"2024-09-05T15:37:15","modified_gmt":"2024-09-05T13:37:15","slug":"regeln","status":"publish","type":"page","link":"https:\/\/www.fitshop.de\/blog\/regeln","title":{"rendered":"Blog-Regeln"},"content":{"rendered":"<p id=\"docs-internal-guid-9e6a7183-ac8c-895f-9bcb-0151b90615af\" dir=\"ltr\" style=\"text-align: justify;\">Wie auch im Sport m\u00f6chten wir auf unserem Blog ein paar Spielregeln festlegen, damit der Umgang miteinander sportlich und fair ist. Die Blogposts werden pers\u00f6nlich von den einzelnen Autoren geschrieben und jeder Autor steht hinter seinem Blogpost. Da uns der Dialog mit euch sehr wichtig ist, sind Meinungen und Anregungen nat\u00fcrlich ausdr\u00fccklich erw\u00fcnscht. Daher k\u00f6nnt ihr unter jedem Blogpost ein Kommentar hinterlassen. Wir freuen uns \u00fcber einen regen Austausch und spannende Diskussionen mit euch. Dabei gilt unsere Netiquette, die wir unten ausf\u00fchrlich beschrieben haben. Sie l\u00e4sst sich aber auch in einem Satz zusammen fassen:<\/p>\n<p dir=\"ltr\" style=\"text-align: justify;\"><em><strong>\u201cBenehmt euch, bitte, und seid freundlich zueinander.\u201d<\/strong><\/em><\/p>\n<h2 dir=\"ltr\" style=\"text-align: justify;\"><strong><span style=\"text-decoration: underline;\">Netiquette<\/span><\/strong><\/h2>\n<p dir=\"ltr\" style=\"text-align: justify;\">Ein Grundsatz seht an oberster Stelle: Behandelt euren gegen\u00fcber genauso, wie Ihr behandelt werden m\u00f6chtet. Das bedeutet, dass ihr respektvoll miteinander und mit uns umgeht. Nicht jeder ist immer einer Meinung, daher w\u00fcrden wir uns nat\u00fcrlich freuen wenn unterschiedliche Perspektiven aufeinandertreffen und konstruktiv und sachlich diskutiert wird. Bitte beachtet urheberrechtliche Grunds\u00e4tze, wenn ihr Zitate abgebt. Bitte gebt immer die Quelle an, da das geistige Eigentum anderer gesch\u00fctzt ist. Falls Ihr euch nicht sicher seid, fragt den Autor um die Erlaubnis, Ihn zitieren zu d\u00fcrfen. Bitte beachtet, dass wenn Ihr im Internet etwas schreibt, dies von allen Personen gesehen werden kann. Deshalb seid bitte vorsichtig mit Hypothesen und Mutma\u00dfungen. Auch sarkastische und ironische Kommentare k\u00f6nnen missverstanden oder fehlinterpretiert werden. Bitte beachtet eure eigene Privatsph\u00e4re und Pers\u00f6nlichkeitsrechte und die der anderen. Bitte vermeidet es, pers\u00f6nliche Daten wie beispielsweise Kontaktadressen, Telefonnummern oder andere vertrauliche Details zu ver\u00f6ffentlichen.<\/p>\n<p dir=\"ltr\" style=\"text-align: justify;\">Wir behalten uns vor Kommentare zu l\u00f6schen, wenn sie gegen unsere Netiquette versto\u00dfen. Eine sofortige L\u00f6schung des Kommentars erfolgt, wenn einer der nachfolgenden Aspekte ber\u00fchrt wird:<\/p>\n<ul style=\"text-align: justify;\">\n<li dir=\"ltr\">Missbrauch als Werbefl\u00e4che f\u00fcr andere Webseiten oder andere Dienste<\/li>\n<li dir=\"ltr\">maschinelles Hinterlassen von Kommentaren (Spam)<\/li>\n<li dir=\"ltr\">kommerzielle oder private Angebote von Waren oder Dienstleistungen<\/li>\n<li dir=\"ltr\">Beleidigungen, Verletzungen und Entw\u00fcrdigungen in jeglicher Form<\/li>\n<li dir=\"ltr\">Verletzungen von Rechten Dritter, auch und insbesondere von Urheberrechten<\/li>\n<li dir=\"ltr\">Politische \u00c4u\u00dferungen und\/oder Aufruf zu Demonstrationen und Kundgebungen jeglicher Art<\/li>\n<li dir=\"ltr\">Aufforderung zu Gewalt gegen Personen, Institutionen und Unternehmen<\/li>\n<li dir=\"ltr\">pornografische oder rassistische Inhalte<\/li>\n<li dir=\"ltr\">Kommentare, die sich nicht auf den kommentierten Beitrag beziehen<\/li>\n<\/ul>\n<p dir=\"ltr\" style=\"text-align: justify;\">Generell besteht kein Anspruch auf Ver\u00f6ffentlichung. Jeder Nutzer ist f\u00fcr die von ihm publizierten Beitr\u00e4ge selbst verantwortlich.<\/p>\n<h2 dir=\"ltr\" style=\"text-align: justify;\"><strong><span style=\"text-decoration: underline;\">Haftungsausschluss<\/span><\/strong><\/h2>\n<p dir=\"ltr\" style=\"text-align: justify;\">Kommentare spiegeln allein die Meinung der einzelnen Autoren und Leser wieder. Jeder Autor und Leser haftet pers\u00f6nlich f\u00fcr seine Kommentare und die darin verwendeten Links. F\u00fcr die Richtigkeit und Vollst\u00e4ndigkeit der Inhalte ist die Fitshop GmbH nicht verantwortlich und \u00fcbernimmt kein Gew\u00e4hr. Eine kontinuierliche Pr\u00fcfung der dort ver\u00f6ffentlichten Inhalte ist weder beabsichtigt noch m\u00f6glich. Fitshop distanziert sich aber selbstverst\u00e4ndlich ausdr\u00fccklich von allen Inhalten, die straf- oder haftungsrechtlich relevant sind oder gegen die guten Sitten versto\u00dfen. Entdecken wir solche Inhalte oder erfahren von ihnen, werden wir die entsprechenden Links entfernen.<\/p>\n<p dir=\"ltr\" style=\"text-align: justify;\">Wenn ihr das Gef\u00fchl habt, dass ein Diskussionsteilnehmer gegen die Netiquette versto\u00dfen hat und wir den Kommentar noch nicht gesehen haben, schreibt uns doch bitte eine Email an <strong>blog@fitshop.com<\/strong>. Falls Ihr einen von euch selbst geschriebenen Kommentar ver\u00e4ndern oder l\u00f6schen wollt, k\u00f6nnt ihr euch ebenfalls an die genannte Emailadresse wenden.<\/p>\n","protected":false},"excerpt":{"rendered":"<p>Wie auch im Sport m\u00f6chten wir auf unserem Blog ein paar Spielregeln festlegen, damit der Umgang miteinander sportlich und fair ist. Die Blogposts werden pers\u00f6nlich von den einzelnen Autoren geschrieben und jeder Autor steht hinter seinem Blogpost. Da uns der Dialog mit euch sehr wichtig ist, sind Meinungen und Anregungen nat\u00fcrlich ausdr\u00fccklich erw\u00fcnscht. Daher k\u00f6nnt [&hellip;]<\/p>\n","protected":false},"author":4,"featured_media":0,"parent":0,"menu_order":0,"comment_status":"open","ping_status":"open","template":"","meta":{"footnotes":""},"coauthors":[115],"class_list":["post-54","page","type-page","status-publish","hentry"],"yoast_head":"<!-- This site is optimized with the Yoast SEO plugin v27.5 - https:\/\/yoast.com\/product\/yoast-seo-wordpress\/ -->\n<title>Blog-Regeln - Fitshop - Das Fitness Blog<\/title>\n<meta name=\"robots\" content=\"index, follow, max-snippet:-1, max-image-preview:large, max-video-preview:-1\" \/>\n<link rel=\"canonical\" href=\"https:\/\/www.fitshop.de\/blog\/regeln\" \/>\n<meta property=\"og:locale\" content=\"de_DE\" \/>\n<meta property=\"og:type\" content=\"article\" \/>\n<meta property=\"og:title\" content=\"Blog-Regeln - Fitshop - Das Fitness Blog\" \/>\n<meta property=\"og:description\" content=\"Wie auch im Sport m\u00f6chten wir auf unserem Blog ein paar Spielregeln festlegen, damit der Umgang miteinander sportlich und fair ist. Die Blogposts werden pers\u00f6nlich von den einzelnen Autoren geschrieben und jeder Autor steht hinter seinem Blogpost. Da uns der Dialog mit euch sehr wichtig ist, sind Meinungen und Anregungen nat\u00fcrlich ausdr\u00fccklich erw\u00fcnscht. Daher k\u00f6nnt [&hellip;]\" \/>\n<meta property=\"og:url\" content=\"https:\/\/www.fitshop.de\/blog\/regeln\" \/>\n<meta property=\"og:site_name\" content=\"Fitshop - Das Fitness Blog\" \/>\n<meta property=\"article:modified_time\" content=\"2024-09-05T13:37:15+00:00\" \/>\n<meta name=\"twitter:card\" content=\"summary_large_image\" \/>\n<meta name=\"twitter:label1\" content=\"Gesch\u00e4tzte Lesezeit\" \/>\n\t<meta name=\"twitter:data1\" content=\"3\u00a0Minuten\" \/>\n\t<meta name=\"twitter:label2\" content=\"Written by\" \/>\n\t<meta name=\"twitter:data2\" content=\"Thore Ro\u00dfbach\" \/>\n<script type=\"application\/ld+json\" class=\"yoast-schema-graph\">{\"@context\":\"https:\\\/\\\/schema.org\",\"@graph\":[{\"@type\":\"WebPage\",\"@id\":\"https:\\\/\\\/www.fitshop.de\\\/blog\\\/regeln\",\"url\":\"https:\\\/\\\/www.fitshop.de\\\/blog\\\/regeln\",\"name\":\"Blog-Regeln - Fitshop - Das Fitness Blog\",\"isPartOf\":{\"@id\":\"https:\\\/\\\/www.fitshop.de\\\/blog\\\/#website\"},\"datePublished\":\"2014-03-10T15:16:29+00:00\",\"dateModified\":\"2024-09-05T13:37:15+00:00\",\"breadcrumb\":{\"@id\":\"https:\\\/\\\/www.fitshop.de\\\/blog\\\/regeln#breadcrumb\"},\"inLanguage\":\"de\",\"potentialAction\":[{\"@type\":\"ReadAction\",\"target\":[\"https:\\\/\\\/www.fitshop.de\\\/blog\\\/regeln\"]}]},{\"@type\":\"BreadcrumbList\",\"@id\":\"https:\\\/\\\/www.fitshop.de\\\/blog\\\/regeln#breadcrumb\",\"itemListElement\":[{\"@type\":\"ListItem\",\"position\":1,\"name\":\"Home\",\"item\":\"https:\\\/\\\/www.fitshop.de\\\/blog\"},{\"@type\":\"ListItem\",\"position\":2,\"name\":\"Blog-Regeln\"}]},{\"@type\":\"WebSite\",\"@id\":\"https:\\\/\\\/www.fitshop.de\\\/blog\\\/#website\",\"url\":\"https:\\\/\\\/www.fitshop.de\\\/blog\\\/\",\"name\":\"Fitshop - Das Fitness Blog\",\"description\":\"\",\"publisher\":{\"@id\":\"https:\\\/\\\/www.fitshop.de\\\/blog\\\/#organization\"},\"potentialAction\":[{\"@type\":\"SearchAction\",\"target\":{\"@type\":\"EntryPoint\",\"urlTemplate\":\"https:\\\/\\\/www.fitshop.de\\\/blog\\\/?s={search_term_string}\"},\"query-input\":{\"@type\":\"PropertyValueSpecification\",\"valueRequired\":true,\"valueName\":\"search_term_string\"}}],\"inLanguage\":\"de\"},{\"@type\":\"Organization\",\"@id\":\"https:\\\/\\\/www.fitshop.de\\\/blog\\\/#organization\",\"name\":\"Fitshop\",\"url\":\"https:\\\/\\\/www.fitshop.de\\\/blog\\\/\",\"logo\":{\"@type\":\"ImageObject\",\"inLanguage\":\"de\",\"@id\":\"https:\\\/\\\/www.fitshop.de\\\/blog\\\/#\\\/schema\\\/logo\\\/image\\\/\",\"url\":\"https:\\\/\\\/www.fitshop.de\\\/blog\\\/wp-content\\\/uploads\\\/2024\\\/05\\\/logo-fitshop-blog.png\",\"contentUrl\":\"https:\\\/\\\/www.fitshop.de\\\/blog\\\/wp-content\\\/uploads\\\/2024\\\/05\\\/logo-fitshop-blog.png\",\"width\":696,\"height\":696,\"caption\":\"Fitshop\"},\"image\":{\"@id\":\"https:\\\/\\\/www.fitshop.de\\\/blog\\\/#\\\/schema\\\/logo\\\/image\\\/\"}}]}<\/script>\n<!-- \/ Yoast SEO plugin. -->","yoast_head_json":{"title":"Blog-Regeln - Fitshop - Das Fitness Blog","robots":{"index":"index","follow":"follow","max-snippet":"max-snippet:-1","max-image-preview":"max-image-preview:large","max-video-preview":"max-video-preview:-1"},"canonical":"https:\/\/www.fitshop.de\/blog\/regeln","og_locale":"de_DE","og_type":"article","og_title":"Blog-Regeln - Fitshop - Das Fitness Blog","og_description":"Wie auch im Sport m\u00f6chten wir auf unserem Blog ein paar Spielregeln festlegen, damit der Umgang miteinander sportlich und fair ist. Die Blogposts werden pers\u00f6nlich von den einzelnen Autoren geschrieben und jeder Autor steht hinter seinem Blogpost. Da uns der Dialog mit euch sehr wichtig ist, sind Meinungen und Anregungen nat\u00fcrlich ausdr\u00fccklich erw\u00fcnscht. Daher k\u00f6nnt [&hellip;]","og_url":"https:\/\/www.fitshop.de\/blog\/regeln","og_site_name":"Fitshop - Das Fitness Blog","article_modified_time":"2024-09-05T13:37:15+00:00","twitter_card":"summary_large_image","twitter_misc":{"Gesch\u00e4tzte Lesezeit":"3\u00a0Minuten","Written by":"Thore Ro\u00dfbach"},"schema":{"@context":"https:\/\/schema.org","@graph":[{"@type":"WebPage","@id":"https:\/\/www.fitshop.de\/blog\/regeln","url":"https:\/\/www.fitshop.de\/blog\/regeln","name":"Blog-Regeln - Fitshop - Das Fitness Blog","isPartOf":{"@id":"https:\/\/www.fitshop.de\/blog\/#website"},"datePublished":"2014-03-10T15:16:29+00:00","dateModified":"2024-09-05T13:37:15+00:00","breadcrumb":{"@id":"https:\/\/www.fitshop.de\/blog\/regeln#breadcrumb"},"inLanguage":"de","potentialAction":[{"@type":"ReadAction","target":["https:\/\/www.fitshop.de\/blog\/regeln"]}]},{"@type":"BreadcrumbList","@id":"https:\/\/www.fitshop.de\/blog\/regeln#breadcrumb","itemListElement":[{"@type":"ListItem","position":1,"name":"Home","item":"https:\/\/www.fitshop.de\/blog"},{"@type":"ListItem","position":2,"name":"Blog-Regeln"}]},{"@type":"WebSite","@id":"https:\/\/www.fitshop.de\/blog\/#website","url":"https:\/\/www.fitshop.de\/blog\/","name":"Fitshop - Das Fitness Blog","description":"","publisher":{"@id":"https:\/\/www.fitshop.de\/blog\/#organization"},"potentialAction":[{"@type":"SearchAction","target":{"@type":"EntryPoint","urlTemplate":"https:\/\/www.fitshop.de\/blog\/?s={search_term_string}"},"query-input":{"@type":"PropertyValueSpecification","valueRequired":true,"valueName":"search_term_string"}}],"inLanguage":"de"},{"@type":"Organization","@id":"https:\/\/www.fitshop.de\/blog\/#organization","name":"Fitshop","url":"https:\/\/www.fitshop.de\/blog\/","logo":{"@type":"ImageObject","inLanguage":"de","@id":"https:\/\/www.fitshop.de\/blog\/#\/schema\/logo\/image\/","url":"https:\/\/www.fitshop.de\/blog\/wp-content\/uploads\/2024\/05\/logo-fitshop-blog.png","contentUrl":"https:\/\/www.fitshop.de\/blog\/wp-content\/uploads\/2024\/05\/logo-fitshop-blog.png","width":696,"height":696,"caption":"Fitshop"},"image":{"@id":"https:\/\/www.fitshop.de\/blog\/#\/schema\/logo\/image\/"}}]}},"_links":{"self":[{"href":"https:\/\/www.fitshop.de\/blog\/wp-json\/wp\/v2\/pages\/54","targetHints":{"allow":["GET"]}}],"collection":[{"href":"https:\/\/www.fitshop.de\/blog\/wp-json\/wp\/v2\/pages"}],"about":[{"href":"https:\/\/www.fitshop.de\/blog\/wp-json\/wp\/v2\/types\/page"}],"author":[{"embeddable":true,"href":"https:\/\/www.fitshop.de\/blog\/wp-json\/wp\/v2\/users\/4"}],"replies":[{"embeddable":true,"href":"https:\/\/www.fitshop.de\/blog\/wp-json\/wp\/v2\/comments?post=54"}],"version-history":[{"count":8,"href":"https:\/\/www.fitshop.de\/blog\/wp-json\/wp\/v2\/pages\/54\/revisions"}],"predecessor-version":[{"id":21964,"href":"https:\/\/www.fitshop.de\/blog\/wp-json\/wp\/v2\/pages\/54\/revisions\/21964"}],"wp:attachment":[{"href":"https:\/\/www.fitshop.de\/blog\/wp-json\/wp\/v2\/media?parent=54"}],"wp:term":[{"taxonomy":"author","embeddable":true,"href":"https:\/\/www.fitshop.de\/blog\/wp-json\/wp\/v2\/coauthors?post=54"}],"curies":[{"name":"wp","href":"https:\/\/api.w.org\/{rel}","templated":true}]}}