{"id":52,"date":"2014-03-10T16:09:56","date_gmt":"2014-03-10T15:09:56","guid":{"rendered":"http:\/\/www.sport-tiedje.de\/blog\/?page_id=52"},"modified":"2024-09-05T15:36:19","modified_gmt":"2024-09-05T13:36:19","slug":"ueber-das-blog","status":"publish","type":"page","link":"https:\/\/www.fitshop.de\/blog\/ueber-das-blog","title":{"rendered":"\u00dcber das Blog"},"content":{"rendered":"<p id=\"docs-internal-guid-8935cb12-ac85-5e87-b99c-5891c6728ed5\" dir=\"ltr\" style=\"text-align: justify;\"><strong><span style=\"text-decoration: underline;\">Warum bloggen wir?<\/span><\/strong><\/p>\n<p dir=\"ltr\" style=\"text-align: justify;\"><strong>Fitshop lebt Fitness \u2013 und das in allen Facetten<\/strong>. Aus diesem Grund haben wir unseren Blog gestartet, mit dem wir k\u00fcnftig eine geeignete Plattform haben, uns mit unseren Kunden und allen anderen Fitness-Interessierten \u00fcber Sport, Training, Ern\u00e4hrung und Wellness auszutauschen.<\/p>\n<p dir=\"ltr\" style=\"text-align: justify;\">Au\u00dferdem m\u00f6chten wir einen kleinen Blick hinter die Kulissen von Fitshop geben, denn bei uns ist immer etwas los und es gibt daher viel zu erz\u00e4hlen.<\/p>\n<p dir=\"ltr\" style=\"text-align: justify;\"><strong><span style=\"text-decoration: underline;\">Wer bloggt hier eigentlich?<\/span><\/strong><\/p>\n<p dir=\"ltr\" style=\"text-align: justify;\">Gebloggt wird direkt aus der Zentrale in Schleswig von Mitarbeitern aus verschiedenen Abteilungen. Durch Erfahrung und Know-How der Blogger in den unterschiedlichsten Bereichen m\u00f6chten wir so viele wissenswerte und hilfreiche Themengebiete wie m\u00f6glich rund um das Thema Sport und Fitness aufarbeiten und Euch pr\u00e4sentieren. Auch Gastautoren und unsere Partner und Experten zu speziellen Themen sollen zu Wort kommen, um ihr Wissen mit uns zu teilen.<\/p>\n<p dir=\"ltr\" style=\"text-align: justify;\">Auch Du kannst als Gastautor einen interessanten Beitrag auf unserem Blog schreiben oder Themenvorschl\u00e4ge machen. Schreib uns doch kurz wer du bist und \u00fcber was du gerne bloggen m\u00f6chtest an<strong> social@fitshop.de<\/strong>. Wir freuen uns \u00fcber Deine Vorschl\u00e4ge.<\/p>\n<p dir=\"ltr\" style=\"text-align: justify;\"><strong><span style=\"text-decoration: underline;\">Wor\u00fcber wir bloggen?<\/span><\/strong><\/p>\n<p dir=\"ltr\" style=\"text-align: justify;\">Vor allem m\u00f6chten wir nat\u00fcrlich \u00fcber Sport &amp; Fitness bloggen. Als H\u00e4ndler und Hersteller von <a href=\"https:\/\/www.fitshop.de\" data-wpel-link=\"external\" target=\"_blank\" rel=\"external noopener noreferrer\">Fitnessger\u00e4ten<\/a> liegt das nat\u00fcrlich besonders. Aber wir m\u00f6chten auch \u00fcber den Tellerrand hinaus blicken und viele unterschiedlichen Dinge unter die Lupe nehmen, die die Fitnesswelt und uns bewegen. Hier ein \u00dcberblick \u00fcber unsere Rubriken:<\/p>\n<ul style=\"text-align: justify;\">\n<li dir=\"ltr\"><strong>Trainingsraum<\/strong>: In dieser Rubrik erfahrt ihr alles Wissenswerte zu einzelnen\u00a0Produkten. Wir testen Produkte f\u00fcr euch und m\u00f6chten euch Produktneuheiten vorstellen.<\/li>\n<\/ul>\n<ul style=\"text-align: justify;\">\n<li dir=\"ltr\"><strong>Sport Labor<\/strong>: Hier geht es um interessante sport- und trainingswissenschaftliche Themen, sowie Tipps und Tricks zum Training<\/li>\n<\/ul>\n<ul style=\"text-align: justify;\">\n<li dir=\"ltr\"><strong>Leib &amp; Seele<\/strong>: Motivation, Regeneration, Sportern\u00e4hrung und Wohlbefinden stehen hier im Vordergrund.<\/li>\n<\/ul>\n<ul style=\"text-align: justify;\">\n<li dir=\"ltr\"><strong>Fit im Netz<\/strong>: Nicht nur wir, sondern auch andere im Netz haben Interessantes und Wissenswertes zum Thema Fitness zu bieten. Das wollen wir Euch nicht vorenthalten.<\/li>\n<\/ul>\n<ul style=\"text-align: justify;\">\n<li dir=\"ltr\"><strong>Wir bei Fitshop<\/strong>: Hier bekommt Ihr einen Blick hinter die Kulissen von Fitshop und erfahrt Geschichten \u00fcber uns und aus dem Unternehmen.<\/li>\n<\/ul>\n<p style=\"text-align: justify;\">Wir w\u00fcnschen euch viel Spa\u00df beim Lesen und freuen uns \u00fcber jeden Kommentar und Austausch mit Euch. Falls Ihr Fragen oder Anregungen habt, k\u00f6nnt Ihr uns gerne unter der Emailadresse<br \/>\n<strong>social@fitshop.de<\/strong> kontaktieren.<\/p>\n","protected":false},"excerpt":{"rendered":"<p>Warum bloggen wir? Fitshop lebt Fitness \u2013 und das in allen Facetten. Aus diesem Grund haben wir unseren Blog gestartet, mit dem wir k\u00fcnftig eine geeignete Plattform haben, uns mit unseren Kunden und allen anderen Fitness-Interessierten \u00fcber Sport, Training, Ern\u00e4hrung und Wellness auszutauschen. Au\u00dferdem m\u00f6chten wir einen kleinen Blick hinter die Kulissen von Fitshop geben, [&hellip;]<\/p>\n","protected":false},"author":4,"featured_media":100,"parent":0,"menu_order":0,"comment_status":"open","ping_status":"open","template":"","meta":{"footnotes":""},"coauthors":[115],"class_list":["post-52","page","type-page","status-publish","has-post-thumbnail","hentry"],"yoast_head":"<!-- This site is optimized with the Yoast SEO plugin v27.5 - https:\/\/yoast.com\/product\/yoast-seo-wordpress\/ -->\n<title>\u00dcber das Blog - Fitshop - Das Fitness Blog<\/title>\n<meta name=\"description\" content=\"\u00dcber das Blog - Fitshop \u2705 Darum bloggen wir - Alles \u00fcber unseren Fitness Blog \u2705 Jetzt lesen!\" \/>\n<meta name=\"robots\" content=\"index, follow, max-snippet:-1, max-image-preview:large, max-video-preview:-1\" \/>\n<link rel=\"canonical\" href=\"https:\/\/www.fitshop.de\/blog\/ueber-das-blog\" \/>\n<meta property=\"og:locale\" content=\"de_DE\" \/>\n<meta property=\"og:type\" content=\"article\" \/>\n<meta property=\"og:title\" content=\"\u00dcber das Blog - Fitshop - Das Fitness Blog\" \/>\n<meta property=\"og:description\" content=\"\u00dcber das Blog - Fitshop \u2705 Darum bloggen wir - Alles \u00fcber unseren Fitness Blog \u2705 Jetzt lesen!\" \/>\n<meta property=\"og:url\" content=\"https:\/\/www.fitshop.de\/blog\/ueber-das-blog\" \/>\n<meta property=\"og:site_name\" content=\"Fitshop - Das Fitness Blog\" \/>\n<meta property=\"article:modified_time\" content=\"2024-09-05T13:36:19+00:00\" \/>\n<meta property=\"og:image\" content=\"https:\/\/www.fitshop.de\/blog\/wp-content\/uploads\/2014\/03\/header_unternehmen.jpg\" \/>\n\t<meta property=\"og:image:width\" content=\"771\" \/>\n\t<meta property=\"og:image:height\" content=\"218\" \/>\n\t<meta property=\"og:image:type\" content=\"image\/jpeg\" \/>\n<meta name=\"twitter:card\" content=\"summary_large_image\" \/>\n<meta name=\"twitter:label1\" content=\"Gesch\u00e4tzte Lesezeit\" \/>\n\t<meta name=\"twitter:data1\" content=\"3\u00a0Minuten\" \/>\n\t<meta name=\"twitter:label2\" content=\"Written by\" \/>\n\t<meta name=\"twitter:data2\" content=\"Thore Ro\u00dfbach\" \/>\n<script type=\"application\/ld+json\" class=\"yoast-schema-graph\">{\"@context\":\"https:\\\/\\\/schema.org\",\"@graph\":[{\"@type\":\"WebPage\",\"@id\":\"https:\\\/\\\/www.fitshop.de\\\/blog\\\/ueber-das-blog\",\"url\":\"https:\\\/\\\/www.fitshop.de\\\/blog\\\/ueber-das-blog\",\"name\":\"\u00dcber das Blog - Fitshop - Das Fitness Blog\",\"isPartOf\":{\"@id\":\"https:\\\/\\\/www.fitshop.de\\\/blog\\\/#website\"},\"primaryImageOfPage\":{\"@id\":\"https:\\\/\\\/www.fitshop.de\\\/blog\\\/ueber-das-blog#primaryimage\"},\"image\":{\"@id\":\"https:\\\/\\\/www.fitshop.de\\\/blog\\\/ueber-das-blog#primaryimage\"},\"thumbnailUrl\":\"https:\\\/\\\/www.fitshop.de\\\/blog\\\/wp-content\\\/uploads\\\/2014\\\/03\\\/header_unternehmen.jpg\",\"datePublished\":\"2014-03-10T15:09:56+00:00\",\"dateModified\":\"2024-09-05T13:36:19+00:00\",\"description\":\"\u00dcber das Blog - Fitshop \u2705 Darum bloggen wir - Alles \u00fcber unseren Fitness Blog \u2705 Jetzt lesen!\",\"breadcrumb\":{\"@id\":\"https:\\\/\\\/www.fitshop.de\\\/blog\\\/ueber-das-blog#breadcrumb\"},\"inLanguage\":\"de\",\"potentialAction\":[{\"@type\":\"ReadAction\",\"target\":[\"https:\\\/\\\/www.fitshop.de\\\/blog\\\/ueber-das-blog\"]}]},{\"@type\":\"ImageObject\",\"inLanguage\":\"de\",\"@id\":\"https:\\\/\\\/www.fitshop.de\\\/blog\\\/ueber-das-blog#primaryimage\",\"url\":\"https:\\\/\\\/www.fitshop.de\\\/blog\\\/wp-content\\\/uploads\\\/2014\\\/03\\\/header_unternehmen.jpg\",\"contentUrl\":\"https:\\\/\\\/www.fitshop.de\\\/blog\\\/wp-content\\\/uploads\\\/2014\\\/03\\\/header_unternehmen.jpg\",\"width\":771,\"height\":218},{\"@type\":\"BreadcrumbList\",\"@id\":\"https:\\\/\\\/www.fitshop.de\\\/blog\\\/ueber-das-blog#breadcrumb\",\"itemListElement\":[{\"@type\":\"ListItem\",\"position\":1,\"name\":\"Home\",\"item\":\"https:\\\/\\\/www.fitshop.de\\\/blog\"},{\"@type\":\"ListItem\",\"position\":2,\"name\":\"\u00dcber das Blog\"}]},{\"@type\":\"WebSite\",\"@id\":\"https:\\\/\\\/www.fitshop.de\\\/blog\\\/#website\",\"url\":\"https:\\\/\\\/www.fitshop.de\\\/blog\\\/\",\"name\":\"Fitshop - Das Fitness Blog\",\"description\":\"\",\"publisher\":{\"@id\":\"https:\\\/\\\/www.fitshop.de\\\/blog\\\/#organization\"},\"potentialAction\":[{\"@type\":\"SearchAction\",\"target\":{\"@type\":\"EntryPoint\",\"urlTemplate\":\"https:\\\/\\\/www.fitshop.de\\\/blog\\\/?s={search_term_string}\"},\"query-input\":{\"@type\":\"PropertyValueSpecification\",\"valueRequired\":true,\"valueName\":\"search_term_string\"}}],\"inLanguage\":\"de\"},{\"@type\":\"Organization\",\"@id\":\"https:\\\/\\\/www.fitshop.de\\\/blog\\\/#organization\",\"name\":\"Fitshop\",\"url\":\"https:\\\/\\\/www.fitshop.de\\\/blog\\\/\",\"logo\":{\"@type\":\"ImageObject\",\"inLanguage\":\"de\",\"@id\":\"https:\\\/\\\/www.fitshop.de\\\/blog\\\/#\\\/schema\\\/logo\\\/image\\\/\",\"url\":\"https:\\\/\\\/www.fitshop.de\\\/blog\\\/wp-content\\\/uploads\\\/2024\\\/05\\\/logo-fitshop-blog.png\",\"contentUrl\":\"https:\\\/\\\/www.fitshop.de\\\/blog\\\/wp-content\\\/uploads\\\/2024\\\/05\\\/logo-fitshop-blog.png\",\"width\":696,\"height\":696,\"caption\":\"Fitshop\"},\"image\":{\"@id\":\"https:\\\/\\\/www.fitshop.de\\\/blog\\\/#\\\/schema\\\/logo\\\/image\\\/\"}}]}<\/script>\n<!-- \/ Yoast SEO plugin. -->","yoast_head_json":{"title":"\u00dcber das Blog - Fitshop - Das Fitness Blog","description":"\u00dcber das Blog - Fitshop \u2705 Darum bloggen wir - Alles \u00fcber unseren Fitness Blog \u2705 Jetzt lesen!","robots":{"index":"index","follow":"follow","max-snippet":"max-snippet:-1","max-image-preview":"max-image-preview:large","max-video-preview":"max-video-preview:-1"},"canonical":"https:\/\/www.fitshop.de\/blog\/ueber-das-blog","og_locale":"de_DE","og_type":"article","og_title":"\u00dcber das Blog - Fitshop - Das Fitness Blog","og_description":"\u00dcber das Blog - Fitshop \u2705 Darum bloggen wir - Alles \u00fcber unseren Fitness Blog \u2705 Jetzt lesen!","og_url":"https:\/\/www.fitshop.de\/blog\/ueber-das-blog","og_site_name":"Fitshop - Das Fitness Blog","article_modified_time":"2024-09-05T13:36:19+00:00","og_image":[{"width":771,"height":218,"url":"https:\/\/www.fitshop.de\/blog\/wp-content\/uploads\/2014\/03\/header_unternehmen.jpg","type":"image\/jpeg"}],"twitter_card":"summary_large_image","twitter_misc":{"Gesch\u00e4tzte Lesezeit":"3\u00a0Minuten","Written by":"Thore Ro\u00dfbach"},"schema":{"@context":"https:\/\/schema.org","@graph":[{"@type":"WebPage","@id":"https:\/\/www.fitshop.de\/blog\/ueber-das-blog","url":"https:\/\/www.fitshop.de\/blog\/ueber-das-blog","name":"\u00dcber das Blog - Fitshop - Das Fitness Blog","isPartOf":{"@id":"https:\/\/www.fitshop.de\/blog\/#website"},"primaryImageOfPage":{"@id":"https:\/\/www.fitshop.de\/blog\/ueber-das-blog#primaryimage"},"image":{"@id":"https:\/\/www.fitshop.de\/blog\/ueber-das-blog#primaryimage"},"thumbnailUrl":"https:\/\/www.fitshop.de\/blog\/wp-content\/uploads\/2014\/03\/header_unternehmen.jpg","datePublished":"2014-03-10T15:09:56+00:00","dateModified":"2024-09-05T13:36:19+00:00","description":"\u00dcber das Blog - Fitshop \u2705 Darum bloggen wir - Alles \u00fcber unseren Fitness Blog \u2705 Jetzt lesen!","breadcrumb":{"@id":"https:\/\/www.fitshop.de\/blog\/ueber-das-blog#breadcrumb"},"inLanguage":"de","potentialAction":[{"@type":"ReadAction","target":["https:\/\/www.fitshop.de\/blog\/ueber-das-blog"]}]},{"@type":"ImageObject","inLanguage":"de","@id":"https:\/\/www.fitshop.de\/blog\/ueber-das-blog#primaryimage","url":"https:\/\/www.fitshop.de\/blog\/wp-content\/uploads\/2014\/03\/header_unternehmen.jpg","contentUrl":"https:\/\/www.fitshop.de\/blog\/wp-content\/uploads\/2014\/03\/header_unternehmen.jpg","width":771,"height":218},{"@type":"BreadcrumbList","@id":"https:\/\/www.fitshop.de\/blog\/ueber-das-blog#breadcrumb","itemListElement":[{"@type":"ListItem","position":1,"name":"Home","item":"https:\/\/www.fitshop.de\/blog"},{"@type":"ListItem","position":2,"name":"\u00dcber das Blog"}]},{"@type":"WebSite","@id":"https:\/\/www.fitshop.de\/blog\/#website","url":"https:\/\/www.fitshop.de\/blog\/","name":"Fitshop - Das Fitness Blog","description":"","publisher":{"@id":"https:\/\/www.fitshop.de\/blog\/#organization"},"potentialAction":[{"@type":"SearchAction","target":{"@type":"EntryPoint","urlTemplate":"https:\/\/www.fitshop.de\/blog\/?s={search_term_string}"},"query-input":{"@type":"PropertyValueSpecification","valueRequired":true,"valueName":"search_term_string"}}],"inLanguage":"de"},{"@type":"Organization","@id":"https:\/\/www.fitshop.de\/blog\/#organization","name":"Fitshop","url":"https:\/\/www.fitshop.de\/blog\/","logo":{"@type":"ImageObject","inLanguage":"de","@id":"https:\/\/www.fitshop.de\/blog\/#\/schema\/logo\/image\/","url":"https:\/\/www.fitshop.de\/blog\/wp-content\/uploads\/2024\/05\/logo-fitshop-blog.png","contentUrl":"https:\/\/www.fitshop.de\/blog\/wp-content\/uploads\/2024\/05\/logo-fitshop-blog.png","width":696,"height":696,"caption":"Fitshop"},"image":{"@id":"https:\/\/www.fitshop.de\/blog\/#\/schema\/logo\/image\/"}}]}},"_links":{"self":[{"href":"https:\/\/www.fitshop.de\/blog\/wp-json\/wp\/v2\/pages\/52","targetHints":{"allow":["GET"]}}],"collection":[{"href":"https:\/\/www.fitshop.de\/blog\/wp-json\/wp\/v2\/pages"}],"about":[{"href":"https:\/\/www.fitshop.de\/blog\/wp-json\/wp\/v2\/types\/page"}],"author":[{"embeddable":true,"href":"https:\/\/www.fitshop.de\/blog\/wp-json\/wp\/v2\/users\/4"}],"replies":[{"embeddable":true,"href":"https:\/\/www.fitshop.de\/blog\/wp-json\/wp\/v2\/comments?post=52"}],"version-history":[{"count":23,"href":"https:\/\/www.fitshop.de\/blog\/wp-json\/wp\/v2\/pages\/52\/revisions"}],"predecessor-version":[{"id":21963,"href":"https:\/\/www.fitshop.de\/blog\/wp-json\/wp\/v2\/pages\/52\/revisions\/21963"}],"wp:featuredmedia":[{"embeddable":true,"href":"https:\/\/www.fitshop.de\/blog\/wp-json\/wp\/v2\/media\/100"}],"wp:attachment":[{"href":"https:\/\/www.fitshop.de\/blog\/wp-json\/wp\/v2\/media?parent=52"}],"wp:term":[{"taxonomy":"author","embeddable":true,"href":"https:\/\/www.fitshop.de\/blog\/wp-json\/wp\/v2\/coauthors?post=52"}],"curies":[{"name":"wp","href":"https:\/\/api.w.org\/{rel}","templated":true}]}}